{"id":5512,"date":"2022-06-18T13:13:58","date_gmt":"2022-06-18T13:13:58","guid":{"rendered":"http:\/\/olympus-riviera.com\/startseite\/?page_id=5512"},"modified":"2022-06-19T12:34:45","modified_gmt":"2022-06-19T12:34:45","slug":"natur","status":"publish","type":"page","link":"https:\/\/olympus-riviera.com\/startseite\/natur\/","title":{"rendered":"Natur"},"content":{"rendered":"\n<div class=\"wp-block-group\"><div class=\"wp-block-group__inner-container is-layout-flow wp-block-group-is-layout-flow\">\n<p><\/p>\n\n\n\n<h2 class=\"gb-headline gb-headline-1d039833 gb-headline-text\">EINLEITUNG<\/h2>\n\n\n\n<p><strong><br><br><\/strong><\/p>\n\n\n\n<p><\/p>\n\n\n<div class=\"wp-block-image\">\n<figure class=\"alignright size-large is-resized\"><img loading=\"lazy\" decoding=\"async\" src=\"http:\/\/olympus-riviera.com\/wp-content\/uploads\/2022\/04\/blog-pixelbar-foto-platzhalter-1024x653.jpg\" alt=\"\" class=\"wp-image-5417\" width=\"523\" height=\"334\" srcset=\"https:\/\/olympus-riviera.com\/wp-content\/uploads\/2022\/04\/blog-pixelbar-foto-platzhalter-1024x653.jpg 1024w, https:\/\/olympus-riviera.com\/wp-content\/uploads\/2022\/04\/blog-pixelbar-foto-platzhalter-300x191.jpg 300w, https:\/\/olympus-riviera.com\/wp-content\/uploads\/2022\/04\/blog-pixelbar-foto-platzhalter-768x490.jpg 768w, https:\/\/olympus-riviera.com\/wp-content\/uploads\/2022\/04\/blog-pixelbar-foto-platzhalter-1536x979.jpg 1536w, https:\/\/olympus-riviera.com\/wp-content\/uploads\/2022\/04\/blog-pixelbar-foto-platzhalter.jpg 1600w\" sizes=\"auto, (max-width: 523px) 100vw, 523px\" \/><\/figure>\n<\/div>\n\n\n<p>Das Bergmassiv des Olymps, der Berg Titaros und das Pierische Gebirge, die Walder und die Fl\u00fcsse, die Feuchtgebiete in K\u00fcstennahe, die Ebenen und das K\u00fcstengebiet kennzeichnen das einheitliche \u00d6kosystem der Pr\u00e4fektur Pierias.<\/p>\n\n\n\n<p>Die gro\u00dfe geomorphologische Vielfalt im Allgemeinen, aber auch bestimmte Gebiete im Einzelnen beg\u00fcnstigen eine besonders arten- und individuenreiche Tier- und Pflanzenwelt.<\/p>\n\n\n\n<p class=\"has-text-align-left\">Die Landschaft von Pieria hat daher einen besonders hohen \u00f6kologischen und \u00e4sthetischen Wert, was jeder Besucher, der einmal in Pieria war, nur best\u00e4tigen <\/p>\n\n\n\n<p><\/p>\n<\/div><\/div>\n\n\n\n<p>_<\/p>\n\n\n<div class=\"gb-container gb-container-84306b34 alignfull\"><div class=\"gb-inside-container\">\n<div class=\"gb-grid-wrapper gb-grid-wrapper-0f64ddcb\">\n<div class=\"gb-grid-column gb-grid-column-f8a3a5c0\"><div class=\"gb-container gb-container-f8a3a5c0\"><div class=\"gb-inside-container\">\n\n<p class=\"gb-headline gb-headline-7a5f43d8 gb-headline-text\">OLYMP     <\/p>\n\n\n<div class=\"gb-button-wrapper gb-button-wrapper-a5b2dd1b\">\n\n<a class=\"gb-button gb-button-1517d6bc gb-button-text\" href=\"#Olymp\">Jetzt lesen<\/a>\n\n<\/div>\n<\/div><\/div><\/div>\n\n<div class=\"gb-grid-column gb-grid-column-526bf875\"><div class=\"gb-container gb-container-526bf875\"><div class=\"gb-inside-container\">\n\n<p class=\"gb-headline gb-headline-598b4b36 gb-headline-text\">Pieria Gebirge<\/p>\n\n\n<div class=\"gb-button-wrapper gb-button-wrapper-9da36722\">\n\n<a class=\"gb-button gb-button-42984861 gb-button-text\" href=\"#Pieria-Gebirge\">Jetzt lesen<\/a>\n\n<\/div>\n<\/div><\/div><\/div>\n\n<div class=\"gb-grid-column gb-grid-column-e40fe11e\"><div class=\"gb-container gb-container-e40fe11e\"><div class=\"gb-inside-container\">\n\n<p class=\"gb-headline gb-headline-f2812ce9 gb-headline-text\">DAS MEER<\/p>\n\n\n<div class=\"gb-button-wrapper gb-button-wrapper-98627538\">\n\n<a class=\"gb-button gb-button-196872ff gb-button-text\" href=\"#DAS-MEER\">Jetzt lesen<\/a>\n\n<\/div>\n<\/div><\/div><\/div>\n\n<div class=\"gb-grid-column gb-grid-column-035261fb\"><div class=\"gb-container gb-container-035261fb\"><div class=\"gb-inside-container\">\n\n<p class=\"gb-headline gb-headline-4c65fc2e gb-headline-text\">FLORA<\/p>\n\n\n<div class=\"gb-button-wrapper gb-button-wrapper-b2707a3d\">\n\n<a class=\"gb-button gb-button-efc28164 gb-button-text\" href=\"#DIE-FLORA\">Jetzt lesen<\/a>\n\n<\/div>\n<\/div><\/div><\/div>\n<\/div>\n<\/div><\/div>\n\n<div class=\"gb-container gb-container-cfc1d1af\"><div class=\"gb-inside-container\">\n<div class=\"gb-grid-wrapper gb-grid-wrapper-4ade4a81\">\n<div class=\"gb-grid-column gb-grid-column-8dc011bf\"><div class=\"gb-container gb-container-8dc011bf\"><div class=\"gb-inside-container\">\n\n<figure class=\"wp-block-image size-large is-resized image-frame-grey img is-style-default\"><img loading=\"lazy\" decoding=\"async\" src=\"http:\/\/olympus-riviera.com\/wp-content\/uploads\/2022\/04\/blog-pixelbar-foto-platzhalter-1-1024x653.jpg\" alt=\"\" class=\"wp-image-5418\" width=\"429\" height=\"274\" srcset=\"https:\/\/olympus-riviera.com\/wp-content\/uploads\/2022\/04\/blog-pixelbar-foto-platzhalter-1-1024x653.jpg 1024w, https:\/\/olympus-riviera.com\/wp-content\/uploads\/2022\/04\/blog-pixelbar-foto-platzhalter-1-300x191.jpg 300w, https:\/\/olympus-riviera.com\/wp-content\/uploads\/2022\/04\/blog-pixelbar-foto-platzhalter-1-768x490.jpg 768w, https:\/\/olympus-riviera.com\/wp-content\/uploads\/2022\/04\/blog-pixelbar-foto-platzhalter-1-1536x979.jpg 1536w, https:\/\/olympus-riviera.com\/wp-content\/uploads\/2022\/04\/blog-pixelbar-foto-platzhalter-1.jpg 1600w\" sizes=\"auto, (max-width: 429px) 100vw, 429px\" \/><\/figure>\n\n<\/div><\/div><\/div>\n\n<div class=\"gb-grid-column gb-grid-column-c71eb55b\"><div class=\"gb-container gb-container-c71eb55b\"><div class=\"gb-inside-container\">\n\n<h3 class=\"gb-headline gb-headline-2e2ff343 gb-headline-text\" id=\"Olymp\">OLYMP  <\/h3>\n\n\n\n<p>Der Berg Olymp ist wegen seiner historischen, kulturellen und \u00f6kologischen Bedeutung und wegen seiner Rolle in der Mythologie weltbekannt. In den verschiedenen H\u00f6henlagen des Olymps finden sich alle in Griechenland vertretenen \u00d6kosysteme wieder.<\/p>\n\n\n\n<p>Der Berg Olymp ist in Wirklichkeit ein Massiv aus mehreren Gipfeln, mit seiner h\u00f6chsten Spitze 2918 m hoch und mit \u00fcber 10 Gipfeln \u00fcber 2650 m Hohe. In den H\u00f6henlagen \u00fcber 2500 m findet man eine reiche alpine Vegetation. Die h\u00f6chsten Gipfel des Olymps sind der Mitikas (2918 m), Skolio (2911 m) und Stefani (2909 m).<\/p>\n\n<\/div><\/div><\/div>\n<\/div>\n\n\n<p>Nordwestlich vom Olymp befindet sich der Berg Titaros, der eigentlich die Fortsetzung des gleichen Bergmassivs ist.<br>In der reichen Bergfauna des Olymps konnten uber 1700 Pflanzenarten, davon 32 endemische, d. h. auf der ganzen Erde einmalige, verzeichnet werden.<\/p>\n\n\n\n<p>Aber nicht nur die Pflanzenwelt ist durch einen ausgesprochenen Artenreichtum gekennzeichnet, sondern auch die Tierwelt zeichnet sich durch Vielfalt aus. 32 S\u00e4ugetierarten, 108 Vogelarten, zahlreiche Reptilien und Amphibien und schlie\u00dflich unz\u00e4hlige Insekten, insbesondere Schmetterlinge leben hier.<\/p>\n\n\n\n<p>1938 wurde der Berg von der griechischen Regierung zum NATIONALPARK erkl\u00e4rt und 1981 ernannte die UNESCO den Berg zu einem Schutzgebiet der Biosp\u00e4renreservate.<\/p>\n\n\n\n<p>Der Nationalpark Olymp wurde im Rahmen der EG Richtlinien 92\/43 in die Reihe ausgew\u00e4hlter Gebiete als europ\u00e4ische Schutzgebiete &#8222;Natura 2000&#8220; unter der Nummer GR 120001 eingetragen und dar\u00fcber hinaus wurde der s\u00fcdliche Bereich des Olymps (Kato Olymp) ebenfalls unter der Nummer GR 1420001 in die europ\u00e4ischen Schutzgebiete mit aufgenommen.<\/p>\n\n\n\n<p>Jedes Jahr wird der sagenumwobene Olymp von zahlreichen Bergsteiger, Wanderern und Naturfreunden aus aller Welt besucht.<\/p>\n\n\n\n<p><\/p>\n\n\n\n<p><\/p>\n\n\n\n<h2 class=\"gb-headline gb-headline-d066ba2b gb-headline-text\"><strong>Nationalpark Olymp<\/strong><\/h2>\n\n\n<div class=\"wp-block-image\">\n<figure class=\"alignleft size-large is-resized\"><img loading=\"lazy\" decoding=\"async\" src=\"http:\/\/olympus-riviera.com\/wp-content\/uploads\/2022\/04\/blog-pixelbar-foto-platzhalter-2-1024x653.jpg\" alt=\"\" class=\"wp-image-5421\" width=\"612\" height=\"390\" srcset=\"https:\/\/olympus-riviera.com\/wp-content\/uploads\/2022\/04\/blog-pixelbar-foto-platzhalter-2-1024x653.jpg 1024w, https:\/\/olympus-riviera.com\/wp-content\/uploads\/2022\/04\/blog-pixelbar-foto-platzhalter-2-300x191.jpg 300w, https:\/\/olympus-riviera.com\/wp-content\/uploads\/2022\/04\/blog-pixelbar-foto-platzhalter-2-768x490.jpg 768w, https:\/\/olympus-riviera.com\/wp-content\/uploads\/2022\/04\/blog-pixelbar-foto-platzhalter-2-1536x979.jpg 1536w, https:\/\/olympus-riviera.com\/wp-content\/uploads\/2022\/04\/blog-pixelbar-foto-platzhalter-2.jpg 1600w\" sizes=\"auto, (max-width: 612px) 100vw, 612px\" \/><\/figure>\n<\/div>\n\n\n<p>Der Olymp war der erste Berg in Griechenland, dessen besondere \u00f6kologische Bedeutung erkannt wurde und der deshalb unter Naturschutz gestellt wurde. 1938 wurde er zum Nationalpark (K\u00f6niglicher Erlass vom 9.6.1938 Gesetzblatt 248\/A1938) erkl\u00e4rt und im Jahre 1985 wurde der Besuch in diesem Nationalpark gesetzlich geregelt (Gesetzblatt 467\/25.7.1985 Heft 2).<\/p>\n\n\n\n<p>1981 wurde das Gebiet durch eine Konvention der internationalen Kommission f\u00fcr den Schutz des Menschen und der Biosph\u00e4ren zu einem Schutzgebiet der Biosph\u00e4renreservate der UNESCO erkl\u00e4rt. Durch diese Konvention sollen \u00f6kologisch besonders wichtige Gebiete der Weltbiosph\u00e4re gesch\u00fctzt, die Natur dort erhalten und die wissenschaftliche Forschung in diesen Gebieten zum Nutzen der Menschheit unterstutzt werden.<\/p>\n\n\n\n<p>Besonders interessant ist der Nationalpark wegen seiner geomorphologischen Beschaffenheit. Zahlreiche Gipfel, steile Schluchten, tiefe Kluften, runde Vertiefungen, die einem Amphitheater \u00e4hneln, Hohlen und Abgrunde sowie viele Quellen, zeitweise kleine Seen und Teiche und rei\u00dfende Gebirgsbache (Gie\u00dfbache) kennzeichnen das Landschaftsbild.<\/p>\n\n\n<div class=\"wp-block-image\">\n<figure class=\"alignright size-large is-resized\"><img loading=\"lazy\" decoding=\"async\" src=\"http:\/\/olympus-riviera.com\/wp-content\/uploads\/2022\/04\/blog-pixelbar-foto-platzhalter-3-1024x653.jpg\" alt=\"\" class=\"wp-image-5426\" width=\"357\" height=\"228\" srcset=\"https:\/\/olympus-riviera.com\/wp-content\/uploads\/2022\/04\/blog-pixelbar-foto-platzhalter-3-1024x653.jpg 1024w, https:\/\/olympus-riviera.com\/wp-content\/uploads\/2022\/04\/blog-pixelbar-foto-platzhalter-3-300x191.jpg 300w, https:\/\/olympus-riviera.com\/wp-content\/uploads\/2022\/04\/blog-pixelbar-foto-platzhalter-3-768x490.jpg 768w, https:\/\/olympus-riviera.com\/wp-content\/uploads\/2022\/04\/blog-pixelbar-foto-platzhalter-3-1536x979.jpg 1536w, https:\/\/olympus-riviera.com\/wp-content\/uploads\/2022\/04\/blog-pixelbar-foto-platzhalter-3.jpg 1600w\" sizes=\"auto, (max-width: 357px) 100vw, 357px\" \/><\/figure>\n<\/div>\n\n\n<p>Das Klima wird durch die geographische Lage, das Bergmassiv, das Gestein und die Vegetation an den Berghangen bestimmt. Starke Temperatursturze und pl\u00f6tzlicher Wetterumschwung sowie zahlreiche Mikroklimas sind keine Seltenheit.<br>Im Nationalpark lassen sich grob vier aufgrund der H\u00f6henlage unterschiedliche Vegetationszonen erkennen (Macchia, das typisch mediterrane Buschwerk, Mischw\u00e4lder mit Laub- und Nadelbaumen, Gebirgsw\u00e4lder mit Nadelbaumen und schlie\u00dflich alpine Vegetation).<\/p>\n\n<\/div><\/div>\n\n<div class=\"gb-container gb-container-7019e424\"><div class=\"gb-inside-container\">\n\n<p><\/p>\n\n\n\n<p><\/p>\n\n\n\n<p><\/p>\n\n\n\n<p><\/p>\n\n<\/div><\/div>\n\n<div class=\"gb-container gb-container-ea6bcfcc\"><div class=\"gb-inside-container\">\n<div class=\"gb-container gb-container-9e40d38f\"><div class=\"gb-inside-container\"><\/div><\/div>\n\n\n<h3 class=\"gb-headline gb-headline-ace1b309 gb-headline-text\" id=\"Pieria-Gebirge\">Pieria Gebirge<\/h3>\n\n\n\n<p>Nordwestlich vom Olymp dehnt sich das sagenumwobene Pieria Gebirge aus. Die au\u00dfergew\u00f6hnlich schone Landschaft, das Gebirge, das sich langsam aus der Ebene erhebt und sich harmonisch ins Landschaftsbild einfugt, beeindruckten bereits im Altertum die Griechen und lie\u00df sie vermuten, dass hier die Heimat der Musen, der Gottinnen der K\u00fcnste, sein musste.<\/p>\n\n\n\n<p>Traditionelle Dorfer mit besonderer architektonischer Sch\u00f6nheit, wie z. B. Skotina (Morna), Milia, Ritini, Elatochori, Riakia und Kolindros liegen in den Bergen des Pieria Gebirges und bieten sich f\u00fcr interessante Ausflugsfahrten an.<\/p>\n\n\n\n<figure class=\"wp-block-gallery has-nested-images columns-default is-cropped wp-block-gallery-1 is-layout-flex wp-block-gallery-is-layout-flex\">\n<figure class=\"wp-block-image size-large\"><img loading=\"lazy\" decoding=\"async\" width=\"1600\" height=\"1020\" data-id=\"5426\" src=\"http:\/\/olympus-riviera.com\/wp-content\/uploads\/2022\/04\/blog-pixelbar-foto-platzhalter-3.jpg\" alt=\"\" class=\"wp-image-5426\" srcset=\"https:\/\/olympus-riviera.com\/wp-content\/uploads\/2022\/04\/blog-pixelbar-foto-platzhalter-3.jpg 1600w, https:\/\/olympus-riviera.com\/wp-content\/uploads\/2022\/04\/blog-pixelbar-foto-platzhalter-3-300x191.jpg 300w, https:\/\/olympus-riviera.com\/wp-content\/uploads\/2022\/04\/blog-pixelbar-foto-platzhalter-3-1024x653.jpg 1024w, https:\/\/olympus-riviera.com\/wp-content\/uploads\/2022\/04\/blog-pixelbar-foto-platzhalter-3-768x490.jpg 768w, https:\/\/olympus-riviera.com\/wp-content\/uploads\/2022\/04\/blog-pixelbar-foto-platzhalter-3-1536x979.jpg 1536w\" sizes=\"auto, (max-width: 1600px) 100vw, 1600px\" \/><\/figure>\n\n\n\n<figure class=\"wp-block-image size-large\"><img loading=\"lazy\" decoding=\"async\" width=\"1600\" height=\"1020\" data-id=\"5421\" src=\"http:\/\/olympus-riviera.com\/wp-content\/uploads\/2022\/04\/blog-pixelbar-foto-platzhalter-2.jpg\" alt=\"\" class=\"wp-image-5421\" srcset=\"https:\/\/olympus-riviera.com\/wp-content\/uploads\/2022\/04\/blog-pixelbar-foto-platzhalter-2.jpg 1600w, https:\/\/olympus-riviera.com\/wp-content\/uploads\/2022\/04\/blog-pixelbar-foto-platzhalter-2-300x191.jpg 300w, https:\/\/olympus-riviera.com\/wp-content\/uploads\/2022\/04\/blog-pixelbar-foto-platzhalter-2-1024x653.jpg 1024w, https:\/\/olympus-riviera.com\/wp-content\/uploads\/2022\/04\/blog-pixelbar-foto-platzhalter-2-768x490.jpg 768w, https:\/\/olympus-riviera.com\/wp-content\/uploads\/2022\/04\/blog-pixelbar-foto-platzhalter-2-1536x979.jpg 1536w\" sizes=\"auto, (max-width: 1600px) 100vw, 1600px\" \/><\/figure>\n\n\n\n<figure class=\"wp-block-image size-large\"><img loading=\"lazy\" decoding=\"async\" width=\"1600\" height=\"1020\" data-id=\"5418\" src=\"http:\/\/olympus-riviera.com\/wp-content\/uploads\/2022\/04\/blog-pixelbar-foto-platzhalter-1.jpg\" alt=\"\" class=\"wp-image-5418\" srcset=\"https:\/\/olympus-riviera.com\/wp-content\/uploads\/2022\/04\/blog-pixelbar-foto-platzhalter-1.jpg 1600w, https:\/\/olympus-riviera.com\/wp-content\/uploads\/2022\/04\/blog-pixelbar-foto-platzhalter-1-300x191.jpg 300w, https:\/\/olympus-riviera.com\/wp-content\/uploads\/2022\/04\/blog-pixelbar-foto-platzhalter-1-1024x653.jpg 1024w, https:\/\/olympus-riviera.com\/wp-content\/uploads\/2022\/04\/blog-pixelbar-foto-platzhalter-1-768x490.jpg 768w, https:\/\/olympus-riviera.com\/wp-content\/uploads\/2022\/04\/blog-pixelbar-foto-platzhalter-1-1536x979.jpg 1536w\" sizes=\"auto, (max-width: 1600px) 100vw, 1600px\" \/><\/figure>\n<\/figure>\n\n\n\n<p>Das Pieria Gebirge ist bekannt fur seine reiche Pflanzenwelt, insbesondere f\u00fcr die Laubw\u00e4lder, aber auch f\u00fcr die wunderschonen, seltenen Wildblumen, die hier wachsen.<br>In der Tierwelt findet man auch hier die in Griechenland weit verbreiteten S\u00e4ugetierarten, Vogel, Reptilien und zahlreiche Insekten.<\/p>\n\n\n\n<p>Unter der Nummer GR1250002 wurde ein Gebiet des Pieria Gebirges im Rahmen der EG Richtlinien 92\/43 in die Reihe ausgew\u00e4hlter Gebiete, die Bestandteil des zusammenhangenden europaweiten Schutzgebietesystems &#8222;Natura 2000&#8220; sind, eingereiht.<\/p>\n\n<\/div><\/div>\n\n<div class=\"gb-container gb-container-e76e61c3\"><div class=\"gb-inside-container\">\n\n<h2 class=\"gb-headline gb-headline-4fab6a1c gb-headline-text\" id=\"DAS-MEER\">DAS MEER<\/h2>\n\n\n<div class=\"wp-block-image\">\n<figure class=\"alignright size-large is-resized\"><img loading=\"lazy\" decoding=\"async\" src=\"http:\/\/olympus-riviera.com\/wp-content\/uploads\/2022\/04\/blog-pixelbar-foto-platzhalter-2-1024x653.jpg\" alt=\"\" class=\"wp-image-5421\" width=\"504\" height=\"321\" srcset=\"https:\/\/olympus-riviera.com\/wp-content\/uploads\/2022\/04\/blog-pixelbar-foto-platzhalter-2-1024x653.jpg 1024w, https:\/\/olympus-riviera.com\/wp-content\/uploads\/2022\/04\/blog-pixelbar-foto-platzhalter-2-300x191.jpg 300w, https:\/\/olympus-riviera.com\/wp-content\/uploads\/2022\/04\/blog-pixelbar-foto-platzhalter-2-768x490.jpg 768w, https:\/\/olympus-riviera.com\/wp-content\/uploads\/2022\/04\/blog-pixelbar-foto-platzhalter-2-1536x979.jpg 1536w, https:\/\/olympus-riviera.com\/wp-content\/uploads\/2022\/04\/blog-pixelbar-foto-platzhalter-2.jpg 1600w\" sizes=\"auto, (max-width: 504px) 100vw, 504px\" \/><\/figure>\n<\/div>\n\n\n<p>Das saubere Meer von Pieria beherbergt eine gro\u00dfe Zahl von Organismen und zeichnet sich auch hier durch Artenreichtum in der Pflanzen und Tierwelt aus.<br>Pflanzen: Seegr\u00e4ser und Wiesenteppiche wie z. B. die ausgedehnten Unterwasserwiesen der Posidonia oceanica (Laichkrautgewachs), verschiedene Algenarten (gr. Kystoseira) u. a.<\/p>\n\n\n\n<p>Mikroorganismen: Plankton (pflanzliche und tierische Organismen)<br>Stachelh\u00e4uter: Seeigel, Seesterne u. a.<br>Krebstiere: verschiedene Garnelen (z. B. Penaeus Kerathurus) Krebse, Krabben, Langusten, Einsiedlerkrebse<\/p>\n\n\n\n<p>Weichtiere:<br>&#8211; zweischalige Weichtiere wie Muscheln, Austern, Meeresschnecken,<br>&#8211; Kopff\u00fc\u00dfler: Kalamares, Kraken, Tintenfische,<br>&#8211; Bauchf\u00fc\u00dfler: Gastropoden wie z. B. Meeres-Nacktschnecken<br>&#8211; W\u00fcrmer: verschiedene Arten von Meeresw\u00fcrmern<\/p>\n\n\n\n<p>Fische: Seezungen, Goldbrassen, Seebarsche, Meeraschen, Rotbrassen, Meerbrachsen, Zahnbrassen, Streifenbarben, Hornhechte, Meerbarben, Grundlinge, Sardellen, Stachelmakrelen, Sardinen, Makrelen, Dorsche, Ringelbrassen, Brandbrassen, Peterm\u00e4nnchen, Seeskorpion, Fliegende Fische u. a.<\/p>\n\n\n\n<p><\/p>\n\n\n\n<p><\/p>\n\n<\/div><\/div>\n\n<div class=\"gb-container gb-container-b3c784ea\"><div class=\"gb-inside-container\">\n\n<h2 class=\"gb-headline gb-headline-a3a5ca74 gb-headline-text\" id=\"DIE-FLORA\">DIE FLORA<\/h2>\n\n\n\n<p>Die K\u00fcstenn\u00e4he beeinflusst das Auftreten einer f\u00fcr die Landschaft charakteristische Vegetation, die bestimmte Besonderheiten aufweist.<\/p>\n\n\n\n<p>In den unteren Lagen, in 0 bis 300 m Hohe, sind weite Gebiete mit einer niedrigen, fast baumlosen Vegetation ubers\u00e4t, der sogenannten Phrygana, hier wachsen aber auch zahlreiche, f\u00fcr den Mittelmeerraum typische Wildblumen, wie z. B. Margeriten, Mohnblumen, Flieder, Tausendschon (Amarant), Veilchen, Glockenblumen, Lilien, Alpenveilchen, Malven u . v. a. An den Bach- und Flussufern wachsen kleine Walder mit Platanen, Pappeln, Akazien, Weiden, wahrend man in anderen Gebieten auch vereinzelt Eukalyptusbaume, Feigenbaume, Maulbeerbaume, Zypressen, Oleander, Brombeerstr\u00e4ucher u. v. a. antrifft.<\/p>\n\n\n<div class=\"wp-block-image\">\n<figure class=\"alignleft size-large is-resized\"><img loading=\"lazy\" decoding=\"async\" src=\"http:\/\/olympus-riviera.com\/wp-content\/uploads\/2022\/04\/blog-pixelbar-foto-platzhalter-3-1024x653.jpg\" alt=\"\" class=\"wp-image-5426\" width=\"545\" height=\"348\" srcset=\"https:\/\/olympus-riviera.com\/wp-content\/uploads\/2022\/04\/blog-pixelbar-foto-platzhalter-3-1024x653.jpg 1024w, https:\/\/olympus-riviera.com\/wp-content\/uploads\/2022\/04\/blog-pixelbar-foto-platzhalter-3-300x191.jpg 300w, https:\/\/olympus-riviera.com\/wp-content\/uploads\/2022\/04\/blog-pixelbar-foto-platzhalter-3-768x490.jpg 768w, https:\/\/olympus-riviera.com\/wp-content\/uploads\/2022\/04\/blog-pixelbar-foto-platzhalter-3-1536x979.jpg 1536w, https:\/\/olympus-riviera.com\/wp-content\/uploads\/2022\/04\/blog-pixelbar-foto-platzhalter-3.jpg 1600w\" sizes=\"auto, (max-width: 545px) 100vw, 545px\" \/><\/figure>\n<\/div>\n\n\n<p>Das Flachland wird landwirtschaftlich genutzt und hier werden vor allem Getreide, Tabak, Mais, Baumwolle, Zuckerr\u00fcben und Erdbeeren angebaut. Aber auch viele Weinstocke und Olivenhaine findet man hier sowie zahlreiche Obstplantagen mit Kiwis, Pfirsichen, Birnen, \u00c4pfeln, Aprikosen und Kirschen und nicht zuletzt verschiedene Mandelbaum und Haselnuss-Str\u00e4ucher Plantagen.<\/p>\n\n<\/div><\/div>","protected":false},"excerpt":{"rendered":"<p>EINLEITUNG Das Bergmassiv des Olymps, der Berg Titaros und das Pierische Gebirge, die Walder und die Fl\u00fcsse, die Feuchtgebiete in K\u00fcstennahe, die Ebenen und das K\u00fcstengebiet kennzeichnen das einheitliche \u00d6kosystem der Pr\u00e4fektur Pierias. Die gro\u00dfe geomorphologische Vielfalt im Allgemeinen, aber auch bestimmte Gebiete im Einzelnen beg\u00fcnstigen eine besonders arten- und individuenreiche Tier- und Pflanzenwelt. Die &#8230; <a title=\"Natur\" class=\"read-more\" href=\"https:\/\/olympus-riviera.com\/startseite\/natur\/\" aria-label=\"Mehr Informationen \u00fcber Natur\">Weiterlesen<\/a><\/p>\n","protected":false},"author":1,"featured_media":0,"parent":0,"menu_order":0,"comment_status":"closed","ping_status":"closed","template":"","meta":{"footnotes":""},"class_list":["post-5512","page","type-page","status-publish"],"_links":{"self":[{"href":"https:\/\/olympus-riviera.com\/startseite\/wp-json\/wp\/v2\/pages\/5512","targetHints":{"allow":["GET"]}}],"collection":[{"href":"https:\/\/olympus-riviera.com\/startseite\/wp-json\/wp\/v2\/pages"}],"about":[{"href":"https:\/\/olympus-riviera.com\/startseite\/wp-json\/wp\/v2\/types\/page"}],"author":[{"embeddable":true,"href":"https:\/\/olympus-riviera.com\/startseite\/wp-json\/wp\/v2\/users\/1"}],"replies":[{"embeddable":true,"href":"https:\/\/olympus-riviera.com\/startseite\/wp-json\/wp\/v2\/comments?post=5512"}],"version-history":[{"count":7,"href":"https:\/\/olympus-riviera.com\/startseite\/wp-json\/wp\/v2\/pages\/5512\/revisions"}],"predecessor-version":[{"id":5562,"href":"https:\/\/olympus-riviera.com\/startseite\/wp-json\/wp\/v2\/pages\/5512\/revisions\/5562"}],"wp:attachment":[{"href":"https:\/\/olympus-riviera.com\/startseite\/wp-json\/wp\/v2\/media?parent=5512"}],"curies":[{"name":"wp","href":"https:\/\/api.w.org\/{rel}","templated":true}]}}